{"id":169,"date":"2011-08-05T16:30:52","date_gmt":"2011-08-05T16:30:52","guid":{"rendered":"https:\/\/ilgiardinodilulu.it\/debug\/?page_id=169"},"modified":"2019-09-13T11:13:48","modified_gmt":"2019-09-13T11:13:48","slug":"il-week-end-e-le-feste","status":"publish","type":"page","link":"https:\/\/ilgiardinodilulu.it\/debug\/il-week-end-e-le-feste\/","title":{"rendered":"Feste e Eventi speciali"},"content":{"rendered":"<p><span style=\"color: #ff00ff;\"><strong><em>Tutti i grandi sono stati bambini una volta. (Ma pochi di essi se ne ricordano).<\/em><\/strong><\/span><\/p>\n<p><span style=\"color: #ff00ff;\"><strong><em>(Antoine de Saint-Exup\u00e9<\/em><\/strong><strong><em>ry)<\/em><\/strong><\/span><\/p>\n<p><strong>\u00a0<\/strong><\/p>\n<p>Vuoi tornare bambino? Attraversa lo sguardo incredulo di tuo figlio!<\/p>\n<p><span style=\"color: #ff00ff;\"><strong>Week end<\/strong><\/span><\/p>\n<p>Anche durante il week end organizziamo workshop tematici (scuola di cucina, pittura, giocoleria, fotografia, cartoon, movimento e yoga\u2026), spettacoli, seminari per i genitori e servizi fotografici (info.piccololab@gmail.com) con genitori e bambini usando le pareti del Giardino di Lul\u00f9 come fondale.<\/p>\n<p><span style=\"color: #ff00ff;\"><strong>Feste tematiche<\/strong><\/span><\/p>\n<p>Non perdetevi poi le Feste del Giardino di Lul\u00f9! Con noi Halloween, Carnevale o Pasqua saranno dei giorni davvero fantastici\u2026<br \/>\nSeguiteci su facebook per essere sempre aggiornati sulle nostre imperdibili feste!<\/p>\n<p><span style=\"color: #ff00ff;\"><strong>Feste di compleanno<\/strong><\/span><\/p>\n<p>Si organizzano inoltre Feste di compleanno con catering e animazione. \u00c8 possibile affittare l\u2019intera struttura per le Feste private che si svolgono preferibilmente dalle 16.30 alle 19.30 oppure la mattina dalle 10 alle 13, nei giorni di sabato o domenica.<\/p>\n<p><span style=\"color: #ff00ff;\"><strong>Aperitivo delle mamme e cena dei bambini<\/strong><\/span><\/p>\n<p>Momento e gustoso per grandi e piccoli all&#8217;interno del quale i bambini potranno giocare con gli amici, divertendosi con la nostra animazione. Mamma e papa&#8217; potranno, nel frattempo, potranno gustare un aperitivo sfizioso ed il meritato relax.<\/p>\n<p>&nbsp;<\/p>\n<p>Per vedere la struttura potete chiamare in orario nido (8-16) e prendere un appuntamento.<br \/>\nI bambini possono essere al massimo 25 (pi\u00f9 gli accompagnatori).<br \/>\nL\u2019animazione \u00e8 obbligatoria, per bambini sopra i 2 anni e consigliamo la nostra, perch\u00e8 si adatta perfettamente allo spirito del Giardino di Lul\u00f9.<br \/>\nProponiamo di seguito alcune tipologie di feste ma potete contattarci per ogni possibile richiesta di personalizzazione.<\/p>\n<p><span style=\"color: #ff00ff;\"><strong><em>Buon compleanno! Che avventura ti regaleresti per festeggiare?<\/em><\/strong><\/span><\/p>\n<p><span style=\"color: #ff00ff;\">FESTA BASE<br \/>\n<\/span>Costo a partire da 250 euro<\/p>\n<p>Regalati per il tuo compleanno 2 ore presso la nostra struttura. Non solo potrai usufruire degli spazi colorati, sicuri, a misura di bimbo. Troverai la nostra professionalita&#8217;, il nostro amore, l&#8217;animazione che ci contraddistingue<\/p>\n<p><span style=\"color: #ff00ff;\">FESTA BASE OPEN AIR<br \/>\n<\/span>Costo a partire da 200 euro<\/p>\n<p>Fa caldo? Il tepore del sole e dell&#8217;aria ci permette di vivere il giardino? Lascia che la porta viola sia il varco prima dei &#8220;Tanti auguri!&#8221; e resta nel nostro angolo verde di meraviglia a giocare con le nostre esperte di animazione.<\/p>\n<p><span style=\"color: #ff00ff;\">FESTE A TEMA<br \/>\n<\/span>Costo 270 euro<\/p>\n<p>Scegli il tema che pi\u00f9 ti incuriosisce, ti diverte, ti rappresenta e noi lo trasformeremo un una giornata unica. Tra colori, superpoteri, 5 sensi e 4 elementi seguiremo il tuo desiderio per 2 ore, tra giochi di movimento a tema e laboratorio attinente<\/p>\n<p>&nbsp;<\/p>\n<p><span style=\"color: #ff00ff;\"><strong>&#8220;<\/strong><strong>I bambini sono degli enigmi luminosi<\/strong><strong>&#8220;<\/strong><\/span><\/p>\n<p><span style=\"color: #ff00ff;\"><strong>(Daniel Pennac)<\/strong><\/span><\/p>\n<p><span style=\"color: #ff00ff;\">Lascia che l&#8217;enigma si sciolga: PERSONALIZZA LA TUA FESTA<\/span><\/p>\n<p><span style=\"color: #ff00ff;\">60 MINUTI SENZA MANI IN MANO<br \/>\n<\/span>Costo aggiuntivo, quotazione su richiesta a partire da 30 euro<\/p>\n<p>Un laboratorio a tua scelta per creare manualmente un piccolo oggetto che diventera&#8217; un simpatico regalo per i tuoi piccoli amici. Ogni bimbo potra&#8217; costruire un manufatto a scelta tra una borsetta cucita senza aghi, un dolcetto gustoso, piccoli mostri rilassanti, uno strumento musicale, girandola che aspetta solo un soffio per girare.<\/p>\n<p><span style=\"color: #ff00ff;\"> 45 MINUTI DI STUPORE<br \/>\n<\/span>Costo aggiuntivo, pari a 100 euro<\/p>\n<p>Puoi personalizzare la tua festa con spettacoli dedicati, che realizzino i tuoi sogni e che lascino sprigionare le tue emozioni. Scegli di regalare un sogno ai tuoi piccoli invitati. Scegli tra uno spettacolo di burattini, un racconto animato, un intrattenimento di magia, o ,se siamo nella bella stagione, lascia volare le bolle di sapone nel nostro Giardino.<\/p>\n<p><span style=\"color: #ff00ff;\"><strong>Novita&#8217; 2016!<\/strong><\/span><\/p>\n<p><span style=\"color: #ff00ff;\">FESTA SENZA GENITORI<br \/>\n<\/span>Costo 150 euro<\/p>\n<p>Un laboratorio creativo senza mamma e papa&#8217;!Le nostre animatrici accoglieranno i bambini e si occuperanno di loro e del loro divertimento. I bimbi (a partire dai 5 anni) potranno trascorrere 2 ore in nostra compagnia, realizzando un piccolo manufatto. Ovviamente, aspettiamo mamma e papa&#8217; per spegnere le candeline!<\/p>\n<p><span style=\"color: #ff00ff;\"><strong>Servizio animazione<\/strong><strong> esterna alla struttura<\/strong><\/span><\/p>\n<p><span style=\"color: #ff00ff;\">OLTRE IL GIARDINO<br \/>\n<\/span><\/p>\n<p>Il Giardino di Lul\u00f9 mette a disposizione il suo staff anche per feste private fuori dalla struttura, che sappiano rispecchiare lo stile e le formule proposte, su prenotazione e previo accordo.<\/p>\n<p><span style=\"color: #ff00ff;\"><strong>Novita&#8217; 2016!<\/strong><\/span><\/p>\n<p><span style=\"color: #ff00ff;\">FESTA LUNAPARK<br \/>\n<\/span>Costo a partire da 270 euro<\/p>\n<p>Trasforma uno spazio all&#8217;aperto in un vero e proprio Luna Park. 2 animatrici per un massimo di 25 bambini. Tiro alla fune, ruba bandiera, il Truccambimbi e il gioco della nave. E ancora: Centra il bersaglio, Pesca senza mani, Abbatti i barattoli, Pesciolini nell&#8217;acquario e la Pignatta finale.<\/p>\n<p>&nbsp;<\/p>\n<p><strong><span style=\"color: #ff00ff;\">Piccolo VADEMECUM <\/span><span style=\"color: #ff00ff;\">per le feste<\/span> <\/strong><\/p>\n<ul>\n<li>E\u2019 importante che i genitori dei bimbi piccoli ( fino a 2 anni), passino del tempo con loro affinch\u00e8 si ambientino nel nuovo luogo\u2026. solo allora potete lanciarvi nelle chiacchiere o sul buffet \u2026. generalmente basta un quarto d\u2019ora. Al contrario i genitori dei bimbi pi\u00f9 grandi potrebbero lasciare i figli per venire a riprenderli due ore dopo.<\/li>\n<\/ul>\n<ul>\n<li>\u201cScarta la Carta\u201d da noi \u00e8 sconsigliato, ma non proibito!<\/li>\n<\/ul>\n<p>&nbsp;<\/p>\n<p>&nbsp;<\/p>\n","protected":false},"excerpt":{"rendered":"<p>Tutti i grandi sono stati bambini una volta. (Ma pochi di essi se ne ricordano). (Antoine de Saint-Exup\u00e9ry) \u00a0 Vuoi tornare bambino? Attraversa lo sguardo incredulo di tuo figlio! Week end Anche durante il week end organizziamo workshop tematici (scuola di cucina, pittura, giocoleria, fotografia, cartoon, movimento e yoga\u2026), spettacoli, seminari per i genitori e [&hellip;]<\/p>\n","protected":false},"author":1,"featured_media":0,"parent":0,"menu_order":0,"comment_status":"closed","ping_status":"closed","template":"","meta":{"footnotes":""},"class_list":["post-169","page","type-page","status-publish","hentry"],"_links":{"self":[{"href":"https:\/\/ilgiardinodilulu.it\/debug\/wp-json\/wp\/v2\/pages\/169","targetHints":{"allow":["GET"]}}],"collection":[{"href":"https:\/\/ilgiardinodilulu.it\/debug\/wp-json\/wp\/v2\/pages"}],"about":[{"href":"https:\/\/ilgiardinodilulu.it\/debug\/wp-json\/wp\/v2\/types\/page"}],"author":[{"embeddable":true,"href":"https:\/\/ilgiardinodilulu.it\/debug\/wp-json\/wp\/v2\/users\/1"}],"replies":[{"embeddable":true,"href":"https:\/\/ilgiardinodilulu.it\/debug\/wp-json\/wp\/v2\/comments?post=169"}],"version-history":[{"count":29,"href":"https:\/\/ilgiardinodilulu.it\/debug\/wp-json\/wp\/v2\/pages\/169\/revisions"}],"predecessor-version":[{"id":4729,"href":"https:\/\/ilgiardinodilulu.it\/debug\/wp-json\/wp\/v2\/pages\/169\/revisions\/4729"}],"wp:attachment":[{"href":"https:\/\/ilgiardinodilulu.it\/debug\/wp-json\/wp\/v2\/media?parent=169"}],"curies":[{"name":"wp","href":"https:\/\/api.w.org\/{rel}","templated":true}]}}