{"id":3771,"date":"2011-07-21T21:50:11","date_gmt":"2011-07-21T21:50:11","guid":{"rendered":"https:\/\/ilgiardinodilulu.it\/debug\/?page_id=20"},"modified":"2019-11-18T14:40:37","modified_gmt":"2019-11-18T14:40:37","slug":"asilo-nido","status":"publish","type":"page","link":"https:\/\/ilgiardinodilulu.it\/debug\/asilo-nido\/","title":{"rendered":"Asilo Nido"},"content":{"rendered":"<p><a href=\"https:\/\/ilgiardinodilulu.it\/debug\/wp-content\/uploads\/2011\/07\/IMG_5391.jpg\"><img loading=\"lazy\" decoding=\"async\" class=\"alignleft size-medium wp-image-71\" src=\"https:\/\/ilgiardinodilulu.it\/debug\/wp-content\/uploads\/2011\/07\/IMG_5391-300x200.jpg\" alt=\"area gioco\" width=\"300\" height=\"200\" srcset=\"https:\/\/ilgiardinodilulu.it\/debug\/wp-content\/uploads\/2011\/07\/IMG_5391-300x200.jpg 300w, https:\/\/ilgiardinodilulu.it\/debug\/wp-content\/uploads\/2011\/07\/IMG_5391-768x512.jpg 768w, https:\/\/ilgiardinodilulu.it\/debug\/wp-content\/uploads\/2011\/07\/IMG_5391-600x400.jpg 600w, https:\/\/ilgiardinodilulu.it\/debug\/wp-content\/uploads\/2011\/07\/IMG_5391-750x500.jpg 750w, https:\/\/ilgiardinodilulu.it\/debug\/wp-content\/uploads\/2011\/07\/IMG_5391-540x360.jpg 540w, https:\/\/ilgiardinodilulu.it\/debug\/wp-content\/uploads\/2011\/07\/IMG_5391.jpg 1024w\" sizes=\"auto, (max-width: 300px) 100vw, 300px\" \/><\/a><\/p>\n<p>L\u2019asilo nido \u201cIl Giardino di Lul\u00f9\u201d accoglie i bambini tra i 9 e i 36 mesi. \u00a0 \u00a0 \u00a0 \u00a0 \u00a0 \u00a0 \u00a0 \u00a0 \u00a0 \u00a0 \u00a0 \u00a0 \u00a0 \u00a0 \u00a0 \u00a0 \u00a0 \u00a0 \u00a0 \u00a0 \u00a0 \u00a0 \u00a0 \u00a0 \u00a0 \u00a0 \u00a0 \u00a0Crediamo fortemente che il bambino per sentirsi a proprio agio e muoversi liberamente in un ambiente con un punto di riferimento diverso da quello materno e\/o paterno debba avere non meno di 8 mesi.<\/p>\n<p>Tutti gli spazi del nido hanno arredi e oggetti a misura di bambino per permettere loro di muoversi nella pi\u00f9 ampia autonomia e libert\u00e0. Un vasto spazio verde esterno \u00e8 la cornice ideale per le attivit\u00e0 ludico-motorie durante tutto l&#8217;anno.<\/p>\n<p>L\u2019\u00e9quipe educativa del nostro asilo nido offre una presenza discreta e incoraggiante, rispetta le iniziative del bambino, non lo precede, osserva per entrare in relazione con lui e per capire senza giudicare. L\u2019intervento educativo \u00e8 volto a prendersi cura e a favorire l\u2019autonomia dei piccoli, permettendo loro di scegliere liberamente l&#8217;attivit\u00e0 da svolgere individualmente o in gruppo, nel rispetto dei tempi e delle capacit\u00e0 di ognuno, anche in base all\u2019et\u00e0.<\/p>\n<p>Il servizio che offriamo, con le sue caratteristiche di sicurezza, accoglienza e flessibilit\u00e0 \u00e8 in grado di garantire ai genitori alcuni importanti\u00a0 vantaggi:<\/p>\n<ul>\n<li>l\u2019accoglienza e l\u2019educazione dei bimbi in un ambiente raccolto e curato nei minimi dettagli<\/li>\n<li>figure di riferimento stabili per i bambini ma anche per i genitori<\/li>\n<li>un inserimento del bimbo in un gruppo affiatato ed omogeneo, nel pieno rispetto dei suoi tempi di adattamento<\/li>\n<li>la personalizzazione del servizio in accordo con le scelte educative dei genitori<\/li>\n<li>alti standard qualitativi sia ambientali che educativi (formazione Opera Nazionale Montessori)<\/li>\n<li>corsi integrativi monotematici (musicainfasce\u00ae, Yoga, teatro) condotti da esperti<\/li>\n<li>una cucina interna<\/li>\n<li>una dieta, consigliata da un pediatra, che tiene conto della stagionalit\u00e0 dei prodotti e che predilige alimenti a km 0 (fornitore <a href=\"http:\/\/www.zolle.it\">www.zolle.it<\/a>)<\/li>\n<li>un men\u00f9 variegato ed elaborato con cura e amore (ispirato al Centro di Educazione alimentare \u2013 Salute con gusto, di Caterina de Biase <a href=\"http:\/\/www.salutecongusto.it\">salutecongusto.it<\/a>)<\/li>\n<li>Una ludoteca pomeridiana con attivit\u00e0 supplementari per integrare l\u2019offerta formativa.<\/li>\n<\/ul>\n<p>&nbsp;<\/p>\n<p><strong><a href=\"https:\/\/ilgiardinodilulu.it\/debug\/asilo-nido\/regolamento-asilo-nido\/\">Potete consultare il regolamento aprendo questo link.<\/a><\/strong><\/p>\n<h1><\/h1>\n<p>&nbsp;<\/p>\n","protected":false},"excerpt":{"rendered":"<p>L\u2019asilo nido \u201cIl Giardino di Lul\u00f9\u201d accoglie i bambini tra i 9 e i 36 mesi. \u00a0 \u00a0 \u00a0 \u00a0 \u00a0 \u00a0 \u00a0 \u00a0 \u00a0 \u00a0 \u00a0 \u00a0 \u00a0 \u00a0 \u00a0 \u00a0 \u00a0 \u00a0 \u00a0 \u00a0 \u00a0 \u00a0 \u00a0 \u00a0 \u00a0 \u00a0 \u00a0 \u00a0Crediamo fortemente che il bambino per sentirsi a proprio agio e muoversi [&hellip;]<\/p>\n","protected":false},"author":1,"featured_media":0,"parent":0,"menu_order":0,"comment_status":"closed","ping_status":"closed","template":"","meta":{"footnotes":""},"class_list":["post-3771","page","type-page","status-publish","hentry"],"_links":{"self":[{"href":"https:\/\/ilgiardinodilulu.it\/debug\/wp-json\/wp\/v2\/pages\/3771","targetHints":{"allow":["GET"]}}],"collection":[{"href":"https:\/\/ilgiardinodilulu.it\/debug\/wp-json\/wp\/v2\/pages"}],"about":[{"href":"https:\/\/ilgiardinodilulu.it\/debug\/wp-json\/wp\/v2\/types\/page"}],"author":[{"embeddable":true,"href":"https:\/\/ilgiardinodilulu.it\/debug\/wp-json\/wp\/v2\/users\/1"}],"replies":[{"embeddable":true,"href":"https:\/\/ilgiardinodilulu.it\/debug\/wp-json\/wp\/v2\/comments?post=3771"}],"version-history":[{"count":10,"href":"https:\/\/ilgiardinodilulu.it\/debug\/wp-json\/wp\/v2\/pages\/3771\/revisions"}],"predecessor-version":[{"id":4732,"href":"https:\/\/ilgiardinodilulu.it\/debug\/wp-json\/wp\/v2\/pages\/3771\/revisions\/4732"}],"wp:attachment":[{"href":"https:\/\/ilgiardinodilulu.it\/debug\/wp-json\/wp\/v2\/media?parent=3771"}],"curies":[{"name":"wp","href":"https:\/\/api.w.org\/{rel}","templated":true}]}}