{"id":3773,"date":"2011-07-21T21:50:32","date_gmt":"2011-07-21T21:50:32","guid":{"rendered":"https:\/\/ilgiardinodilulu.it\/debug\/?page_id=22"},"modified":"2019-09-13T11:28:05","modified_gmt":"2019-09-13T11:28:05","slug":"ludoteca","status":"publish","type":"page","link":"https:\/\/ilgiardinodilulu.it\/debug\/ludoteca\/","title":{"rendered":"Ludoteca"},"content":{"rendered":"<p>L\u2019uomo \u00e8 un animale sociale. La nostra idea di ludoteca nasce dal concetto secondo cui per i bambini \u00e8 molto utile ed educativo appartenere ad un gruppo il cui comune denominatore \u00e8 il gioco come modo per riconoscersi e riconoscere gli altri. Durante i nostri laboratori i bambini sperimentano la socializzazione, la condivisione e la collaborazione, sia attraverso il gioco libero, sia nelle attivit\u00e0 guidate e sfogano la loro creativit\u00e0 interagendo anche con gli altri.<\/p>\n<p>All\u2019interno del nostro spazio si svolgono laboratori in cui l\u2019apprendimento di abilit\u00e0 e di conoscenze da parte del bambino sono viste come risultato di un processo che si fonda sul fare, sull\u2019esperienza diretta e concreta. Nelle attivit\u00e0 di laboratorio il bambino, infatti, \u00e8 coinvolto direttamente nella sperimentazione e nell\u2019uso dei materiali e svolge un ruolo sempre attivo e partecipe. Costruire con le proprie mani sar\u00e0 per loro un modo per vedere, toccare, annusare, constatare e percepire le proprie capacit\u00e0 con precisione e un pizzico di stupore.<\/p>\n<p>Mai sprecare! Teniamo molto al riciclo creativo, per questo educhiamo i bambini al rispetto per i materiali e incentiviamo il recupero in ogni sua forma. Da una bottiglia pu\u00f2 nascere un bellissimo fiore, da un tappo un animaletto per giocare\u2026<\/p>\n<p>&nbsp;<\/p>\n<p><strong>La nostra Ludoteca gira come una giostra!!!!<\/strong><\/p>\n<p>&nbsp;<\/p>\n<p>&nbsp;<\/p>\n<p><strong><span style=\"color: #ff0000;\">Gioca con me &#8211; Ludoteca dei piccoli!<\/span><\/strong><br \/>\n<strong><span style=\"color: #ff0000;\">per bambini &amp; genitori<\/span><\/strong><br \/>\n<strong><span style=\"color: #ff0000;\">0-36 mesi<\/span><\/strong><\/p>\n<p>Uno spazio in cui poter stare e giocare con il proprio bambino. Un pomeriggio divertente, indicato per i bambini che non vanno ancora al nido per condividere e socializzare con altri bambini e utile, per chi va gi\u00e0 al nido, per approfondire la relazione con i propri genitori.<\/p>\n<p>In ogni incontro si svolger\u00e0 un\u2019attivit\u00e0 diversa adatta ai pi\u00f9 piccoli, che stimoler\u00e0 le abilit\u00e0 e potenzialit\u00e0 di ogni bambino.<\/p>\n<p>Faremo:<\/p>\n<p>&#8211; i travasi con materiali naturali (polenta, farina, legumi\u2026);<\/p>\n<p>&#8211; la manipolazione di pongo e pasta di sale;<\/p>\n<p>&#8211; la pittura usando le dita, le spugnette, i pennelli e tanti materiali nuovi;<\/p>\n<p>&#8211; il collage con carta, nastri, foto e tanto altro.<\/p>\n<p>&#8211; canzoni mimate, girotondo e balli<\/p>\n<p>&#8211; lettura ad alta voce<\/p>\n<p>Poi merenda tutti insieme!<\/p>\n<p>&nbsp;<\/p>\n<p>&nbsp;<\/p>\n<p><span style=\"color: #993366;\"><strong>Laboratorio Grafico pittorico<\/strong><\/span><\/p>\n<p><span style=\"color: #993366;\">Spazio all\u2019arte!<\/span><br \/>\nIl laboratorio permette al bambino di scoprire il linguaggio dei colori, facilitando l\u2019espressione dei propri stati d\u2019animo e del mondo interiore fantastico. All\u2019interno di questo laboratorio il bambino sperimenta tecniche diverse (digito pittura, collage, frottage, mosaico, graffito, vetrata, ecc.) avendo la possibilit\u00e0 di creare forme e contenuti ideativi nuovi per arricchire il proprio potenziale creativo, favorire l\u2019esplorazione interiore e creare una comunicazione attraverso canali non verbali.<\/p>\n<p><strong><span style=\"color: #993366;\">Laboratorio del giocattolo<\/span><\/strong><\/p>\n<p><span style=\"color: #993366;\">Questa \u00e8 una vera e propria officina del giocattolo!<\/span><br \/>\nUn luogo in cui creare oggetti nuovi, scambiare giocattoli usati, riparare quelli rotti.<br \/>\nNell\u2019ambito di questa attivit\u00e0, \u00e8 prevista la costruzione di giochi e giocattoli attraverso l\u2019utilizzo di materiali \u201cinusuali\u201d o materiali di riciclo. Gli obiettivi principali del Laboratorio del giocattolo consistono nel favorire e stimolare lo sviluppo delle capacit\u00e0 espressive, creative e cognitive, il recupero della dimensione fantastica, la conoscenza e la scoperta di materiali inusuali per il gioco.<\/p>\n<p><strong><span style=\"color: #993366;\">Laboratorio di arte<\/span><\/strong><\/p>\n<p><span style=\"color: #993366;\">Coloriamo la vita?<\/span><br \/>\nIl primo livello narrativo di racconto passa per le mani. Ogni bambino scarabocchia. Crea. Disegna. I nostri laboratori di pittura, collage utilizzano vari materiali. Esplorano diverse metodologie con l&#8217;obiettivo di far avvicinare i bambini sin da piccoli alle arti figurative e alla loro funzionalit\u00e0 nello sviluppo espressivo.<\/p>\n<p><strong><span style=\"color: #993366;\">Laboratorio di manipolazione<\/span><\/strong><\/p>\n<p><span style=\"color: #993366;\">Resta con le mani non in mano!<\/span><br \/>\nAttraverso la scoperta dei materiali e della possibilit\u00e0 di manipolarli, trasformarli i bimbi hanno modo di scoprire un primo livello di interazione con quanto li circonda. Sara&#8217; possibile per loro realizzare l&#8217;inimmaginabile e sviluppare una propria manualit\u00e0 grazie alle nostre educatrici.<\/p>\n<p><strong><span style=\"color: #993366;\">Laboratorio di lettura animata<\/span><\/strong><\/p>\n<p><span style=\"color: #993366;\">Chi non ama le storie?<br \/>\n<\/span>Lo scopo di questo laboratorio \u00e8 di far nascere e crescere l\u2019interesse e l\u2019amore per i libri e la lettura. I bambini potranno imparare come nasce un libro, vedere come \u00e8 fatto, inventarne e, costruirne uno tutto loro con materiali e oggetti vari. Il libro diventa una scatola magica da scoprire, leggere, vivere.<\/p>\n<p><span style=\"color: #993366;\"><strong>Laboratorio del burattino<\/strong><\/span><\/p>\n<p><span style=\"color: #993366;\">Evviva il teatro!<\/span><br \/>\nDurante gli incontri i bambini si cimenteranno nella costruzione di uno spettacolo di burattini, ideando la storia e i personaggi e realizzando con le loro mani anche le marionette.<br \/>\nI piccoli registi avranno la possibilit\u00e0 di mettersi alla prova sia sul piano manuale che su quello espressivo e teatrale approcciando linguaggi diversi e coinvolgendo tutti nella realizzazione della rappresentazione finale.<\/p>\n<p><strong><span style=\"color: #993366;\">Laboratorio teatrale<\/span><\/strong><\/p>\n<p><span style=\"color: #993366;\">Pronti ad applaudire?<br \/>\n<\/span>Recitare diventa qui un modo per confrontarsi con la realt\u00e0 e con gli altri, interagendo e divertendosi a cambiare e ad invertire i ruoli. Il teatro offre al bambino uno spazio di sperimentazione utile per capire le dinamiche comportamentali sue, degli adulti e dei compagni e di affrontare paure e differenze attraverso il gioco e il divertimento.<\/p>\n<p><strong><span style=\"color: #993366;\">Laboratorio musicale<\/span><\/strong><\/p>\n<p><span style=\"color: #993366;\">Canta che ti passa!!<br \/>\n<\/span>Il mondo \u00e8 pieno di suoni, ritmi, melodie, questo laboratorio permette ai bambini di giocare e divertirsi con l\u2019universo sonoro. Si partir\u00e0 dall\u2019ascolto di suoni della natura e del proprio corpo per passare alla riproduzione ritmica di tali suoni, sino a giungere alla produzione creativa e fantastica di veri e propri strumenti musicali da utilizzare negli spettacoli finali.<\/p>\n<p><span style=\"color: #993366;\"><strong>Laboratorio di Psicomotricit\u00e0 e di espressione corporea<\/strong><\/span><\/p>\n<p><span style=\"color: #993366;\">Muoviti, muoviti!!<br \/>\n<\/span>Nel corso del laboratorio di Psicomotricit\u00e0 il bambino sperimenta il movimento come mezzo per entrare in contatto con il mondo esterno, prendere coscienza della propria corporeit\u00e0 e acquisire consapevolezza degli spazi e dei confini. Il movimento diventa qui un mezzo espressivo per amplificare le proprie esperienze formative di gruppo e di partecipazione sociale.<\/p>\n<p><strong><span style=\"color: #993366;\">Laboratorio per piccoli cuochi<\/span><\/strong><\/p>\n<p><span style=\"color: #993366;\">Impastiamo!<br \/>\n<\/span>Pane, pizza, dolci e caramelle da fare insieme con ingredienti sani. Per imparare divertendosi a lavorare insieme, attraverso la manualit\u00e0, il gioco simbolico e l\u2019infinita gioia che pu\u00f2 dare il creare qualcosa che si possa gustare o offrire.<\/p>\n<p>Organizziamo anche seminari per i genitori ed eventi speciali per famiglie. Seguici su Facebook o Instagram e iscriviti alla nostra newsletter per conoscere nel dettaglio i programmi settimanali studiati per le diverse fasce d&#8217;eta&#8217;dei tuoi bimbi.<\/p>\n<p>Vi aspettiamo numerosi!<\/p>\n<p>Sono previsti sconti speciali per i fratelli<\/p>\n<p>Nella nostra Ludoteca i genitori avranno la possibilit\u00e0 sia di partecipare alle attivit\u00e0 organizzate insieme ai loro bimbi sia di lasciarli tranquillamente in compagnia delle nostre educatrici<\/p>\n","protected":false},"excerpt":{"rendered":"<p>L\u2019uomo \u00e8 un animale sociale. La nostra idea di ludoteca nasce dal concetto secondo cui per i bambini \u00e8 molto utile ed educativo appartenere ad un gruppo il cui comune denominatore \u00e8 il gioco come modo per riconoscersi e riconoscere gli altri. Durante i nostri laboratori i bambini sperimentano la socializzazione, la condivisione e la [&hellip;]<\/p>\n","protected":false},"author":1,"featured_media":0,"parent":0,"menu_order":0,"comment_status":"closed","ping_status":"closed","template":"","meta":{"footnotes":""},"class_list":["post-3773","page","type-page","status-publish","hentry"],"_links":{"self":[{"href":"https:\/\/ilgiardinodilulu.it\/debug\/wp-json\/wp\/v2\/pages\/3773","targetHints":{"allow":["GET"]}}],"collection":[{"href":"https:\/\/ilgiardinodilulu.it\/debug\/wp-json\/wp\/v2\/pages"}],"about":[{"href":"https:\/\/ilgiardinodilulu.it\/debug\/wp-json\/wp\/v2\/types\/page"}],"author":[{"embeddable":true,"href":"https:\/\/ilgiardinodilulu.it\/debug\/wp-json\/wp\/v2\/users\/1"}],"replies":[{"embeddable":true,"href":"https:\/\/ilgiardinodilulu.it\/debug\/wp-json\/wp\/v2\/comments?post=3773"}],"version-history":[{"count":38,"href":"https:\/\/ilgiardinodilulu.it\/debug\/wp-json\/wp\/v2\/pages\/3773\/revisions"}],"predecessor-version":[{"id":4734,"href":"https:\/\/ilgiardinodilulu.it\/debug\/wp-json\/wp\/v2\/pages\/3773\/revisions\/4734"}],"wp:attachment":[{"href":"https:\/\/ilgiardinodilulu.it\/debug\/wp-json\/wp\/v2\/media?parent=3773"}],"curies":[{"name":"wp","href":"https:\/\/api.w.org\/{rel}","templated":true}]}}